{"id":680,"date":"2025-01-14T08:38:09","date_gmt":"2025-01-14T08:38:09","guid":{"rendered":"https:\/\/gardeniser-academy.eu\/il-mondo-gardeniser"},"modified":"2025-07-10T06:08:00","modified_gmt":"2025-07-10T06:08:00","slug":"il-mondo-gardeniser","status":"publish","type":"page","link":"https:\/\/gardeniser-academy.eu\/it\/il-mondo-gardeniser","title":{"rendered":"Il mondo Gardeniser"},"content":{"rendered":"\t\t<div data-elementor-type=\"wp-page\" data-elementor-id=\"680\" class=\"elementor elementor-680 elementor-668\" data-elementor-post-type=\"page\">\n\t\t\t\t<div data-dce-background-image-url=\"https:\/\/gardeniser-academy.eu\/wp-content\/uploads\/2024\/10\/Gardeniser-HeaderPart4.svg\" data-dce-background-overlay-image-url=\"https:\/\/gardeniser-academy.eu\/wp-content\/uploads\/2024\/10\/Gardeniser-HeaderPart3.svg\" class=\"elementor-element elementor-element-f6a7692 e-con-full e-flex e-con e-parent\" data-id=\"f6a7692\" data-element_type=\"container\" data-settings=\"{&quot;background_background&quot;:&quot;classic&quot;,&quot;shape_divider_bottom&quot;:&quot;waves&quot;}\">\n\t\t\t\t<div class=\"elementor-shape elementor-shape-bottom\" aria-hidden=\"true\" data-negative=\"false\">\n\t\t\t<svg xmlns=\"http:\/\/www.w3.org\/2000\/svg\" viewBox=\"0 0 1000 100\" preserveAspectRatio=\"none\">\n\t<path class=\"elementor-shape-fill\" d=\"M421.9,6.5c22.6-2.5,51.5,0.4,75.5,5.3c23.6,4.9,70.9,23.5,100.5,35.7c75.8,32.2,133.7,44.5,192.6,49.7\n\tc23.6,2.1,48.7,3.5,103.4-2.5c54.7-6,106.2-25.6,106.2-25.6V0H0v30.3c0,0,72,32.6,158.4,30.5c39.2-0.7,92.8-6.7,134-22.4\n\tc21.2-8.1,52.2-18.2,79.7-24.2C399.3,7.9,411.6,7.5,421.9,6.5z\"\/>\n<\/svg>\t\t<\/div>\n\t\t\t\t<\/div>\n\t\t<div class=\"elementor-element elementor-element-5a33e1f e-flex e-con-boxed e-con e-parent\" data-id=\"5a33e1f\" data-element_type=\"container\">\n\t\t\t\t\t<div class=\"e-con-inner\">\n\t\t\t\t<div class=\"elementor-element elementor-element-9db6158 elementor-widget__width-initial elementor-widget elementor-widget-heading\" data-id=\"9db6158\" data-element_type=\"widget\" data-widget_type=\"heading.default\">\n\t\t\t\t<div class=\"elementor-widget-container\">\n\t\t\t\t\t<h2 class=\"elementor-heading-title elementor-size-default\">Come tutto \u00e8 iniziato<\/h2>\t\t\t\t<\/div>\n\t\t\t\t<\/div>\n\t\t\t\t<div class=\"elementor-element elementor-element-ddf29d3 elementor-widget elementor-widget-text-editor\" data-id=\"ddf29d3\" data-element_type=\"widget\" data-widget_type=\"text-editor.default\">\n\t\t\t\t<div class=\"elementor-widget-container\">\n\t\t\t\t\t\t\t\t\t<p><strong>Gardeniser Academy<\/strong> \u00e8 il 9\u00b0 progetto della serie di progetti europei Gardeniser.<\/p><p>Gardeniser \u00e8 la strategia che unisce le sinergie che negli ultimi 12 anni si sono alternate sul piano internazionale e su quello locale, alimentando percorsi formativi e trasformativi nel campo degli orti urbani comunitari.<\/p><p>Da <strong>EU&#8217;GO European Urban Gardens Otesha<\/strong>, un primo scambio tra ortisti e orti urbani di diversi paesi europei.<\/p><p>a <strong>Gardeniser<\/strong>, trasferimento di innovazione sulla figura dell&#8217;Organizzatore di Orti Urbani Comunitari.<\/p><p>a <strong>Gardeniser Pro<\/strong>, percorso formativo (corso di formazione + tirocinio pratico) convalidato con crediti ECVET per il riconoscimento delle competenze del Gardeniser.<\/p><p>a <strong>Gardeniser Hub<\/strong>, format formativo per la formazione dei formatori di gardeniser.<\/p><p>a <strong>Gardeniser Plus<\/strong>, esperienze di mobilit\u00e0 di apprendimento a supporto degli scambi tra ortisti.<\/p><p>a <strong>GenerACTOR<\/strong>, corsi di formazione e percorsi comunitari a sostegno della costruzione di orti comunitari per la buona governance, la cittadinanza attiva e la partecipazione a Barranquilla, in Colombia.<\/p><p>a <strong>Gardeniser Edu<\/strong>, corso di formazione per insegnanti e dirigenti scolastici interessati ad utilizzare gli spazi educativi all&#8217;aperto, dentro e fuori la scuola, come ambienti di apprendimento per i loro studenti.<\/p><p>a <strong>Gardeniser Gov<\/strong>, corso di formazione per funzionari pubblici in campo ambientale e sociale.<\/p><p>a <strong>Gardeniser Academy<\/strong>, percorsi di e-learning per ortisti e cittadini coinvolti negli orti urbani.<\/p><p>a <strong>Gardeniser Community<\/strong>, che sostiene la creazione di un Calcolatore degli Impatti Comunitari utile a gardeniser e a ortisti per comunicare l&#8217;impatto che il proprio orto comunitario ha sul territorio, aumentando la propria accountability nei confronti di istituzioni e imprese.<\/p><p>\u2026la storia di Gardeniser continua, sostenendo il movimento degli orti comunitari in tutto il mondo.<\/p>\t\t\t\t\t\t\t\t<\/div>\n\t\t\t\t<\/div>\n\t\t\t\t\t<\/div>\n\t\t\t\t<\/div>\n\t\t<div class=\"elementor-element elementor-element-a5ca911 e-flex e-con-boxed e-con e-parent\" data-id=\"a5ca911\" data-element_type=\"container\" data-settings=\"{&quot;background_background&quot;:&quot;classic&quot;}\">\n\t\t\t\t\t<div class=\"e-con-inner\">\n\t\t\t\t<div class=\"elementor-element elementor-element-f330d48 elementor-widget__width-initial elementor-widget elementor-widget-heading\" data-id=\"f330d48\" data-element_type=\"widget\" data-widget_type=\"heading.default\">\n\t\t\t\t<div class=\"elementor-widget-container\">\n\t\t\t\t\t<h2 class=\"elementor-heading-title elementor-size-default\">La funzione Gardeniser<\/h2>\t\t\t\t<\/div>\n\t\t\t\t<\/div>\n\t\t\t\t<div class=\"elementor-element elementor-element-535b76c elementor-widget elementor-widget-text-editor\" data-id=\"535b76c\" data-element_type=\"widget\" data-widget_type=\"text-editor.default\">\n\t\t\t\t<div class=\"elementor-widget-container\">\n\t\t\t\t\t\t\t\t\t<p>I progetti di cooperazione europea nell&#8217;ambito di programmi come LLP, Erasmus+ VET e ADU, EuropeAid hanno creato l&#8217;opportunit\u00e0 di lavorare su un modello di orto urbano comunitario valido trasversalmente nei vari Paesi coinvolti (Spagna, Francia, Italia, Germania, Regno Unito, Grecia, Austria, Colombia) e sull&#8217;emersione ed il delinearsi di una funzione comune nei vari paesi:<\/p>\t\t\t\t\t\t\t\t<\/div>\n\t\t\t\t<\/div>\n\t\t\t\t<div class=\"elementor-element elementor-element-8e28f16 elementor-widget__width-auto elementor-widget elementor-widget-heading\" data-id=\"8e28f16\" data-element_type=\"widget\" data-widget_type=\"heading.default\">\n\t\t\t\t<div class=\"elementor-widget-container\">\n\t\t\t\t\t<h2 class=\"elementor-heading-title elementor-size-default\">Il Gardeniser (Garden+Organiser)<\/h2>\t\t\t\t<\/div>\n\t\t\t\t<\/div>\n\t\t\t\t<div class=\"elementor-element elementor-element-23bb236 elementor-widget elementor-widget-text-editor\" data-id=\"23bb236\" data-element_type=\"widget\" data-widget_type=\"text-editor.default\">\n\t\t\t\t<div class=\"elementor-widget-container\">\n\t\t\t\t\t\t\t\t\t<p>Il Gardeniser \u00e8 un ruolo chiave di coordinamento all&#8217;interno dell&#8217;orto urbano comunitario che, pi\u00f9 che ortaggi, coltiva persone. Il ruolo richiede che il gardeniser abbia sia competenze tecniche, come le abilit\u00e0 pratiche di giardinaggio, sia buone capacit\u00e0 di comunicazione, mediazione, organizzazione e gestione. Il gardeniser sostiene la coesione, la partecipazione e l&#8217;inclusione sociale nell&#8217;orto comunitario.  <\/p>\t\t\t\t\t\t\t\t<\/div>\n\t\t\t\t<\/div>\n\t\t\t\t\t<\/div>\n\t\t\t\t<\/div>\n\t\t<div class=\"elementor-element elementor-element-9978cc9 e-flex e-con-boxed e-con e-parent\" data-id=\"9978cc9\" data-element_type=\"container\">\n\t\t\t\t\t<div class=\"e-con-inner\">\n\t\t\t\t<div class=\"elementor-element elementor-element-f13d14d elementor-widget__width-initial elementor-widget elementor-widget-heading\" data-id=\"f13d14d\" data-element_type=\"widget\" data-widget_type=\"heading.default\">\n\t\t\t\t<div class=\"elementor-widget-container\">\n\t\t\t\t\t<h2 class=\"elementor-heading-title elementor-size-default\">Connettiti con altri ortisti e gardeniser<\/h2>\t\t\t\t<\/div>\n\t\t\t\t<\/div>\n\t\t\t\t<div class=\"elementor-element elementor-element-a4b7cb9 elementor-widget elementor-widget-text-editor\" data-id=\"a4b7cb9\" data-element_type=\"widget\" data-widget_type=\"text-editor.default\">\n\t\t\t\t<div class=\"elementor-widget-container\">\n\t\t\t\t\t\t\t\t\t<p>La piattaforma web <a href=\"https:\/\/gardeniser.eu\/it\">gardeniser.eu<\/a> \u00e8 a tutti gli effetti uno strumento multifunzionale di apprendimento e networking che raccoglie anche i risultati dei progetti Gardeniser sviluppati nel tempo.<\/p><p><strong>Qui \u00e8 possibile trovare:<\/strong><\/p>\t\t\t\t\t\t\t\t<\/div>\n\t\t\t\t<\/div>\n\t\t\t\t<div class=\"elementor-element elementor-element-b3d0216 elementor-widget elementor-widget-text-editor\" data-id=\"b3d0216\" data-element_type=\"widget\" data-widget_type=\"text-editor.default\">\n\t\t\t\t<div class=\"elementor-widget-container\">\n\t\t\t\t\t\t\t\t\t<ul><li>Opportunit\u00e0 di formazione Gardeniser<\/li><li>Risorse di formazione Gardeniser<\/li><li>Licenze per gardeniser e formatori<\/li><li>Una Toolbox per gli orti urbani<\/li><li>La Mappa degli orti urbani comunitari nel mondo<\/li><li>La Mappa dei gardeniser con licenza<\/li><li>La Mappa dei formatori di Gardeniser<\/li><\/ul>\t\t\t\t\t\t\t\t<\/div>\n\t\t\t\t<\/div>\n\t\t\t\t<div class=\"elementor-element elementor-element-53def80 elementor-align-center elementor-widget elementor-widget-button\" data-id=\"53def80\" data-element_type=\"widget\" data-widget_type=\"button.default\">\n\t\t\t\t<div class=\"elementor-widget-container\">\n\t\t\t\t\t\t\t\t\t<div class=\"elementor-button-wrapper\">\n\t\t\t\t\t<a class=\"elementor-button elementor-button-link elementor-size-sm\" href=\"https:\/\/gardeniser.eu\/it\" target=\"_blank\">\n\t\t\t\t\t\t<span class=\"elementor-button-content-wrapper\">\n\t\t\t\t\t\t\t\t\t<span class=\"elementor-button-text\">Scopri di pi\u00f9 su Gardeniser.eu <\/span>\n\t\t\t\t\t<\/span>\n\t\t\t\t\t<\/a>\n\t\t\t\t<\/div>\n\t\t\t\t\t\t\t\t<\/div>\n\t\t\t\t<\/div>\n\t\t\t\t\t<\/div>\n\t\t\t\t<\/div>\n\t\t\t\t<\/div>\n\t\t","protected":false},"excerpt":{"rendered":"<p>Come tutto \u00e8 iniziato Gardeniser Academy \u00e8 il 9\u00b0 progetto della serie di progetti europei Gardeniser. Gardeniser \u00e8 la strategia che unisce le sinergie che negli ultimi 12 anni si sono alternate sul piano internazionale e su quello locale, alimentando percorsi formativi e trasformativi nel campo degli orti urbani comunitari. Da EU&#8217;GO European Urban Gardens [&hellip;]<\/p>\n","protected":false},"author":1,"featured_media":0,"parent":0,"menu_order":0,"comment_status":"closed","ping_status":"closed","template":"elementor_header_footer","meta":{"_acf_changed":false,"footnotes":""},"class_list":["post-680","page","type-page","status-publish","hentry"],"acf":[],"_links":{"self":[{"href":"https:\/\/gardeniser-academy.eu\/it\/wp-json\/wp\/v2\/pages\/680","targetHints":{"allow":["GET"]}}],"collection":[{"href":"https:\/\/gardeniser-academy.eu\/it\/wp-json\/wp\/v2\/pages"}],"about":[{"href":"https:\/\/gardeniser-academy.eu\/it\/wp-json\/wp\/v2\/types\/page"}],"author":[{"embeddable":true,"href":"https:\/\/gardeniser-academy.eu\/it\/wp-json\/wp\/v2\/users\/1"}],"replies":[{"embeddable":true,"href":"https:\/\/gardeniser-academy.eu\/it\/wp-json\/wp\/v2\/comments?post=680"}],"version-history":[{"count":5,"href":"https:\/\/gardeniser-academy.eu\/it\/wp-json\/wp\/v2\/pages\/680\/revisions"}],"predecessor-version":[{"id":5896,"href":"https:\/\/gardeniser-academy.eu\/it\/wp-json\/wp\/v2\/pages\/680\/revisions\/5896"}],"wp:attachment":[{"href":"https:\/\/gardeniser-academy.eu\/it\/wp-json\/wp\/v2\/media?parent=680"}],"curies":[{"name":"wp","href":"https:\/\/api.w.org\/{rel}","templated":true}]}}