{"id":369,"date":"2024-10-16T09:29:51","date_gmt":"2024-10-16T09:29:51","guid":{"rendered":"https:\/\/gardeniser-academy.eu\/politica-sulla-privacy"},"modified":"2024-11-07T11:28:37","modified_gmt":"2024-11-07T11:28:37","slug":"politica-sulla-privacy","status":"publish","type":"page","link":"https:\/\/gardeniser-academy.eu\/it\/politica-sulla-privacy","title":{"rendered":"Politica sulla privacy"},"content":{"rendered":"\t\t<div data-elementor-type=\"wp-page\" data-elementor-id=\"369\" class=\"elementor elementor-369 elementor-98\" data-elementor-post-type=\"page\">\n\t\t\t\t<div data-dce-background-image-url=\"http:\/\/gardeniser-academy.eu\/wp-content\/uploads\/2024\/10\/Gardeniser-HeaderPart4.svg\" data-dce-background-overlay-image-url=\"http:\/\/gardeniser-academy.eu\/wp-content\/uploads\/2024\/10\/Gardeniser-HeaderPart3.svg\" class=\"elementor-element elementor-element-4e5ad8c e-con-full e-flex e-con e-parent\" data-id=\"4e5ad8c\" data-element_type=\"container\" data-settings=\"{&quot;background_background&quot;:&quot;classic&quot;,&quot;shape_divider_bottom&quot;:&quot;waves&quot;}\">\n\t\t\t\t<div class=\"elementor-shape elementor-shape-bottom\" aria-hidden=\"true\" data-negative=\"false\">\n\t\t\t<svg xmlns=\"http:\/\/www.w3.org\/2000\/svg\" viewBox=\"0 0 1000 100\" preserveAspectRatio=\"none\">\n\t<path class=\"elementor-shape-fill\" d=\"M421.9,6.5c22.6-2.5,51.5,0.4,75.5,5.3c23.6,4.9,70.9,23.5,100.5,35.7c75.8,32.2,133.7,44.5,192.6,49.7\n\tc23.6,2.1,48.7,3.5,103.4-2.5c54.7-6,106.2-25.6,106.2-25.6V0H0v30.3c0,0,72,32.6,158.4,30.5c39.2-0.7,92.8-6.7,134-22.4\n\tc21.2-8.1,52.2-18.2,79.7-24.2C399.3,7.9,411.6,7.5,421.9,6.5z\"\/>\n<\/svg>\t\t<\/div>\n\t\t\t\t<\/div>\n\t\t<div class=\"elementor-element elementor-element-5a33e1f e-flex e-con-boxed e-con e-parent\" data-id=\"5a33e1f\" data-element_type=\"container\">\n\t\t\t\t\t<div class=\"e-con-inner\">\n\t\t\t\t<div class=\"elementor-element elementor-element-ddf29d3 elementor-widget elementor-widget-text-editor\" data-id=\"ddf29d3\" data-element_type=\"widget\" data-widget_type=\"text-editor.default\">\n\t\t\t\t<div class=\"elementor-widget-container\">\n\t\t\t\t\t\t\t\t\t<p><span data-sheets-root=\"1\">In GARDENISER ACADEMY prendiamo molto sul serio la protezione dei dati personali. Il nostro scopo \u00e8 proteggere la riservatezza dei dati che ci fornisci e rispettare le normative vigenti in materia di protezione dei dati personali. <\/span><\/p>\n\t\t\t\t\t\t\t\t<\/div>\n\t\t\t\t<\/div>\n\t\t\t\t<div class=\"elementor-element elementor-element-0c61f69 elementor-widget elementor-widget-text-editor\" data-id=\"0c61f69\" data-element_type=\"widget\" data-widget_type=\"text-editor.default\">\n\t\t\t\t<div class=\"elementor-widget-container\">\n\t\t\t\t\t\t\t\t\t<p><span data-sheets-root=\"1\">In conformit\u00e0 con la legge 3\/2018 del 5 dicembre sulla protezione dei dati personali e sulla garanzia dei diritti digitali che recepisce il regolamento (UE) 2016\/679, ti informiamo delle seguenti informazioni sulla nostra politica sulla privacy e sulla protezione dei dati:<\/span><\/p>\n\t\t\t\t\t\t\t\t<\/div>\n\t\t\t\t<\/div>\n\t\t\t\t<div class=\"elementor-element elementor-element-0296aaa elementor-widget__width-initial elementor-widget elementor-widget-heading\" data-id=\"0296aaa\" data-element_type=\"widget\" data-widget_type=\"heading.default\">\n\t\t\t\t<div class=\"elementor-widget-container\">\n\t\t\t\t\t<h2 class=\"elementor-heading-title elementor-size-default\">Chi \u00e8 il titolare del trattamento dei tuoi dati?<\/h2>\t\t\t\t<\/div>\n\t\t\t\t<\/div>\n\t\t\t\t<div class=\"elementor-element elementor-element-9a7649e elementor-widget elementor-widget-text-editor\" data-id=\"9a7649e\" data-element_type=\"widget\" data-widget_type=\"text-editor.default\">\n\t\t\t\t<div class=\"elementor-widget-container\">\n\t\t\t\t\t\t\t\t\t<p><span data-sheets-root=\"1\">L&#8217;organizzazione responsabile dei tuoi dati \u00e8 Conservatoire des L\u00e9gumes Anciens du B\u00e9arn. Questa \u00e8 un&#8217;organizzazione non governativa con sede a Assat, Francia. <\/span><\/p>\n\t\t\t\t\t\t\t\t<\/div>\n\t\t\t\t<\/div>\n\t\t\t\t<div class=\"elementor-element elementor-element-612171f tabla eael-table-align-center eael-dt-th-align-left elementor-widget elementor-widget-eael-data-table\" data-id=\"612171f\" data-element_type=\"widget\" data-widget_type=\"eael-data-table.default\">\n\t\t\t\t<div class=\"elementor-widget-container\">\n\t\t\t\t\t\t\t<div class=\"eael-data-table-wrap\" data-table_id=\"612171f\" id=\"eael-data-table-wrapper-612171f\" data-custom_responsive=\"false\">\n\t\t\t<table class=\"tablesorter eael-data-table center\" id=\"eael-data-table-612171f\">\n\t\t\t    <thead>\n\t\t\t        <tr class=\"table-header\">\n\t\t\t\t\t\t\t\t\t            <th class=\"\" id=\"\" colspan=\"\">\n\t\t\t\t\t\t\t\t\t\t\t\t\t\t<span class=\"data-table-header-text\">Indirizzo<\/span><\/th>\n\t\t\t        \t\t\t\t            <th class=\"\" id=\"\" colspan=\"\">\n\t\t\t\t\t\t\t\t\t\t\t\t\t\t<span class=\"data-table-header-text\">3bis Route du Bois 64150 ASSAT<\/span><\/th>\n\t\t\t        \t\t\t\t        <\/tr>\n\t\t\t    <\/thead>\n\t\t\t  \t<tbody>\n\t\t\t\t\t\t\t\t\t\t\t<tr>\n\t\t\t\t\t\t\t\t\t\t\t\t\t\t\t\t   \t\t\t\t\t\t\t\t\t\t\t<td colspan=\"\" rowspan=\"\" class=\"\" id=\"\">\n\t\t\t\t\t\t\t\t\t\t\t\t<div class=\"td-content-wrapper\"><div class=\"td-content\">\n\t\t\t\t\t\t\t\t\t\t\t\t\tTelefono\t\t\t\t\t\t\t\t\t\t\t\t<\/div><\/div>\n\t\t\t\t\t\t\t\t\t\t\t<\/td>\n\t\t\t\t\t\t\t\t\t\t\t\t\t\t\t\t\t\t\t\t\t\t\t\t\t\t\t\t\t   \t\t\t\t\t\t\t\t\t\t\t<td colspan=\"\" rowspan=\"\" class=\"\" id=\"\">\n\t\t\t\t\t\t\t\t\t\t\t\t<div class=\"td-content-wrapper\"><div class=\"td-content\">\n\t\t\t\t\t\t\t\t\t\t\t\t\t+336 15 57 93 39\t\t\t\t\t\t\t\t\t\t\t\t<\/div><\/div>\n\t\t\t\t\t\t\t\t\t\t\t<\/td>\n\t\t\t\t\t\t\t\t\t\t\t\t\t\t\t\t\t\t\t\t\t\t\t\t\t\t<\/tr>\n\t\t\t        \t\t\t\t\t\t<tr>\n\t\t\t\t\t\t\t\t\t\t\t\t\t\t\t\t   \t\t\t\t\t\t\t\t\t\t\t<td colspan=\"\" rowspan=\"\" class=\"\" id=\"\">\n\t\t\t\t\t\t\t\t\t\t\t\t<div class=\"td-content-wrapper\"><div class=\"td-content\">\n\t\t\t\t\t\t\t\t\t\t\t\t\tContatto e-mail\t\t\t\t\t\t\t\t\t\t\t\t<\/div><\/div>\n\t\t\t\t\t\t\t\t\t\t\t<\/td>\n\t\t\t\t\t\t\t\t\t\t\t\t\t\t\t\t\t\t\t\t\t\t\t\t\t\t\t\t\t   \t\t\t\t\t\t\t\t\t\t\t<td colspan=\"\" rowspan=\"\" class=\"\" id=\"\">\n\t\t\t\t\t\t\t\t\t\t\t\t<div class=\"td-content-wrapper\"><div class=\"td-content\">\n\t\t\t\t\t\t\t\t\t\t\t\t\t jardinverger64@gmail.com\t\t\t\t\t\t\t\t\t\t\t\t<\/div><\/div>\n\t\t\t\t\t\t\t\t\t\t\t<\/td>\n\t\t\t\t\t\t\t\t\t\t\t\t\t\t\t\t\t\t\t\t\t\t\t\t\t\t<\/tr>\n\t\t\t        \t\t\t    <\/tbody>\n\t\t\t<\/table>\n\t\t<\/div>\n\t  \t\t\t\t\t<\/div>\n\t\t\t\t<\/div>\n\t\t\t\t\t<\/div>\n\t\t\t\t<\/div>\n\t\t<div class=\"elementor-element elementor-element-a5ca911 e-flex e-con-boxed e-con e-parent\" data-id=\"a5ca911\" data-element_type=\"container\" data-settings=\"{&quot;background_background&quot;:&quot;classic&quot;}\">\n\t\t\t\t\t<div class=\"e-con-inner\">\n\t\t\t\t<div class=\"elementor-element elementor-element-af78bf6 elementor-widget__width-initial elementor-widget elementor-widget-heading\" data-id=\"af78bf6\" data-element_type=\"widget\" data-widget_type=\"heading.default\">\n\t\t\t\t<div class=\"elementor-widget-container\">\n\t\t\t\t\t<h2 class=\"elementor-heading-title elementor-size-default\">Qual \u00e8 lo scopo del trattamento?<\/h2>\t\t\t\t<\/div>\n\t\t\t\t<\/div>\n\t\t\t\t<div class=\"elementor-element elementor-element-d2a123e elementor-widget elementor-widget-text-editor\" data-id=\"d2a123e\" data-element_type=\"widget\" data-widget_type=\"text-editor.default\">\n\t\t\t\t<div class=\"elementor-widget-container\">\n\t\t\t\t\t\t\t\t\t<ul>\n<li><span data-sheets-root=\"1\">Per rispondere a richieste, reclami e incidenti trasferiti attraverso i nostri canali di contatto incorporati nel sito web.<\/span><\/li>\n<li><span data-sheets-root=\"1\">Comprendere il comportamento del navigatore all\u2019interno del web al fine di rilevare eventuali attacchi informatici al nostro web.<\/span><\/li>\n<li><span data-sheets-root=\"1\">Rispettare gli obblighi legali a noi direttamente applicabili e regolare la nostra attivit\u00e0.<\/span><\/li>\n<li><span data-sheets-root=\"1\">Per proteggere ed esercitare i nostri diritti o per rispondere a reclami di qualsiasi tipo.<\/span><\/li>\n<li><span data-sheets-root=\"1\">Invio di newsletter relative ai beni o servizi che compongono l\u2019attivit\u00e0 del responsabile o notizie relative alla sua attivit\u00e0.<\/span><\/li>\n<\/ul>\n\t\t\t\t\t\t\t\t<\/div>\n\t\t\t\t<\/div>\n\t\t\t\t<div class=\"elementor-element elementor-element-cca2f88 elementor-widget__width-initial elementor-widget elementor-widget-heading\" data-id=\"cca2f88\" data-element_type=\"widget\" data-widget_type=\"heading.default\">\n\t\t\t\t<div class=\"elementor-widget-container\">\n\t\t\t\t\t<h2 class=\"elementor-heading-title elementor-size-default\">Qual \u00e8 la base giuridica del trattamento?<\/h2>\t\t\t\t<\/div>\n\t\t\t\t<\/div>\n\t\t\t\t<div class=\"elementor-element elementor-element-d677fac elementor-widget elementor-widget-text-editor\" data-id=\"d677fac\" data-element_type=\"widget\" data-widget_type=\"text-editor.default\">\n\t\t\t\t<div class=\"elementor-widget-container\">\n\t\t\t\t\t\t\t\t\t<p><span data-sheets-root=\"1\">La base giuridica del trattamento dei Suoi dati \u00e8 il consenso dell\u2019interessato ai sensi dell\u2019articolo 6.1 a) del Regolamento, nonch\u00e9 il legittimo interesse del titolare del trattamento ai sensi dell\u2019articolo 6.1 f) del Regolamento.<\/span><\/p>\n<p><span data-sheets-root=\"1\">I dati che ti chiediamo sono adeguati, pertinenti e strettamente necessari e in nessun caso sei obbligato a fornirceli, ma la loro mancata comunicazione pu\u00f2 pregiudicare la finalit\u00e0 del servizio o l\u2019impossibilit\u00e0 di fornirlo.<\/span><\/p>\n\t\t\t\t\t\t\t\t<\/div>\n\t\t\t\t<\/div>\n\t\t\t\t\t<\/div>\n\t\t\t\t<\/div>\n\t\t<div class=\"elementor-element elementor-element-72b8dcf e-flex e-con-boxed e-con e-parent\" data-id=\"72b8dcf\" data-element_type=\"container\">\n\t\t\t\t\t<div class=\"e-con-inner\">\n\t\t\t\t<div class=\"elementor-element elementor-element-b3e6912 elementor-widget elementor-widget-heading\" data-id=\"b3e6912\" data-element_type=\"widget\" data-widget_type=\"heading.default\">\n\t\t\t\t<div class=\"elementor-widget-container\">\n\t\t\t\t\t<h2 class=\"elementor-heading-title elementor-size-default\">Per quanto tempo conserviamo i tuoi dati?<\/h2>\t\t\t\t<\/div>\n\t\t\t\t<\/div>\n\t\t\t\t<div class=\"elementor-element elementor-element-c5e3820 elementor-widget elementor-widget-text-editor\" data-id=\"c5e3820\" data-element_type=\"widget\" data-widget_type=\"text-editor.default\">\n\t\t\t\t<div class=\"elementor-widget-container\">\n\t\t\t\t\t\t\t\t\t<p><span data-sheets-root=\"1\">I tuoi dati saranno conservati per il tempo necessario alla corretta erogazione del servizio offerto, nonch\u00e9 per far fronte alle responsabilit\u00e0 che dallo stesso dovessero derivare ed ogni altro obbligo di legge.<\/span><\/p>\n\t\t\t\t\t\t\t\t<\/div>\n\t\t\t\t<\/div>\n\t\t\t\t<div class=\"elementor-element elementor-element-a9b20ee elementor-widget elementor-widget-heading\" data-id=\"a9b20ee\" data-element_type=\"widget\" data-widget_type=\"heading.default\">\n\t\t\t\t<div class=\"elementor-widget-container\">\n\t\t\t\t\t<h2 class=\"elementor-heading-title elementor-size-default\">Quali destinatari riceveranno i tuoi dati?<\/h2>\t\t\t\t<\/div>\n\t\t\t\t<\/div>\n\t\t\t\t<div class=\"elementor-element elementor-element-bb9856f elementor-widget elementor-widget-text-editor\" data-id=\"bb9856f\" data-element_type=\"widget\" data-widget_type=\"text-editor.default\">\n\t\t\t\t<div class=\"elementor-widget-container\">\n\t\t\t\t\t\t\t\t\t<p><span data-sheets-root=\"1\">Nel corso del trattamento dei tuoi dati, Conservatoire des L\u00e9gumes Anciens du B\u00e9arnmay pu\u00f2 condividere i tuoi dati con:<\/span><\/p>\n<p><span data-sheets-root=\"1\">On Projects Advising SL, come fornitori di servizi di gestione e manutenzione web.<\/span><\/p>\n\t\t\t\t\t\t\t\t<\/div>\n\t\t\t\t<\/div>\n\t\t\t\t\t<\/div>\n\t\t\t\t<\/div>\n\t\t<div class=\"elementor-element elementor-element-a1af079 e-flex e-con-boxed e-con e-parent\" data-id=\"a1af079\" data-element_type=\"container\" data-settings=\"{&quot;background_background&quot;:&quot;classic&quot;}\">\n\t\t\t\t\t<div class=\"e-con-inner\">\n\t\t\t\t<div class=\"elementor-element elementor-element-03642ce elementor-widget elementor-widget-heading\" data-id=\"03642ce\" data-element_type=\"widget\" data-widget_type=\"heading.default\">\n\t\t\t\t<div class=\"elementor-widget-container\">\n\t\t\t\t\t<h2 class=\"elementor-heading-title elementor-size-default\">Quali sono i miei diritti?<\/h2>\t\t\t\t<\/div>\n\t\t\t\t<\/div>\n\t\t\t\t<div class=\"elementor-element elementor-element-818a568 elementor-widget elementor-widget-text-editor\" data-id=\"818a568\" data-element_type=\"widget\" data-widget_type=\"text-editor.default\">\n\t\t\t\t<div class=\"elementor-widget-container\">\n\t\t\t\t\t\t\t\t\t<ul>\n<li><span data-sheets-root=\"1\">Diritto di accesso: il diritto di ottenere conferma che sia o meno in corso un trattamento di dati personali, nonch\u00e9 il diritto di accesso a tali dati.<\/span><\/li>\n<li><span data-sheets-root=\"1\">Diritto alla rettifica dei dati personali.<\/span><\/li>\n<li><span data-sheets-root=\"1\">Diritto alla cancellazione<\/span><\/li>\n<li><span data-sheets-root=\"1\">Diritto alla limitazione del trattamento<\/span><\/li>\n<li><span data-sheets-root=\"1\">Diritto alla portabilit\u00e0 dei dati<\/span><\/li>\n<li><span data-sheets-root=\"1\">Diritto di opposizione: diritto di opposizione al trattamento dei dati.<\/span><\/li>\n<\/ul>\n<p>Il titolare del trattamento conserva il diritto di limitare i diritti di cui all\u2019articolo 23 del Regolamento UE, se tale restrizione \u00e8 prevista per tutelare, in particolare, i diritti e le libert\u00e0 fondamentali ed \u00e8 una misura necessaria e proporzionata.<\/p>\n\t\t\t\t\t\t\t\t<\/div>\n\t\t\t\t<\/div>\n\t\t\t\t<div class=\"elementor-element elementor-element-07068ff elementor-widget elementor-widget-heading\" data-id=\"07068ff\" data-element_type=\"widget\" data-widget_type=\"heading.default\">\n\t\t\t\t<div class=\"elementor-widget-container\">\n\t\t\t\t\t<h2 class=\"elementor-heading-title elementor-size-default\">Dove posso fare un reclamo?<\/h2>\t\t\t\t<\/div>\n\t\t\t\t<\/div>\n\t\t\t\t<div class=\"elementor-element elementor-element-5f2618a elementor-widget elementor-widget-text-editor\" data-id=\"5f2618a\" data-element_type=\"widget\" data-widget_type=\"text-editor.default\">\n\t\t\t\t<div class=\"elementor-widget-container\">\n\t\t\t\t\t\t\t\t\t<p><span data-sheets-root=\"1\">Qualora l\u2019interessato ritenga che i propri dati non siano trattati correttamente, pu\u00f2 inviare i propri reclami al seguente indirizzo di posta elettronica; <a href=\"mailto:jardinverger64@gmail.com\">jardinverger64@gmail.com<\/a><\/span><\/p>\n<p><span data-sheets-root=\"1\">L\u2019interessato dichiara di aver acquisito tutte queste informazioni.<\/span><\/p>\n\t\t\t\t\t\t\t\t<\/div>\n\t\t\t\t<\/div>\n\t\t\t\t\t<\/div>\n\t\t\t\t<\/div>\n\t\t\t\t<\/div>\n\t\t","protected":false},"excerpt":{"rendered":"<p>In GARDENISER ACADEMY prendiamo molto sul serio la protezione dei dati personali. Il nostro scopo \u00e8 proteggere la riservatezza dei dati che ci fornisci e rispettare le normative vigenti in materia di protezione dei dati personali. In conformit\u00e0 con la legge 3\/2018 del 5 dicembre sulla protezione dei dati personali e sulla garanzia dei diritti [&hellip;]<\/p>\n","protected":false},"author":1,"featured_media":0,"parent":0,"menu_order":0,"comment_status":"closed","ping_status":"closed","template":"elementor_header_footer","meta":{"_acf_changed":false,"footnotes":""},"class_list":["post-369","page","type-page","status-publish","hentry"],"acf":[],"_links":{"self":[{"href":"https:\/\/gardeniser-academy.eu\/it\/wp-json\/wp\/v2\/pages\/369","targetHints":{"allow":["GET"]}}],"collection":[{"href":"https:\/\/gardeniser-academy.eu\/it\/wp-json\/wp\/v2\/pages"}],"about":[{"href":"https:\/\/gardeniser-academy.eu\/it\/wp-json\/wp\/v2\/types\/page"}],"author":[{"embeddable":true,"href":"https:\/\/gardeniser-academy.eu\/it\/wp-json\/wp\/v2\/users\/1"}],"replies":[{"embeddable":true,"href":"https:\/\/gardeniser-academy.eu\/it\/wp-json\/wp\/v2\/comments?post=369"}],"version-history":[{"count":3,"href":"https:\/\/gardeniser-academy.eu\/it\/wp-json\/wp\/v2\/pages\/369\/revisions"}],"predecessor-version":[{"id":378,"href":"https:\/\/gardeniser-academy.eu\/it\/wp-json\/wp\/v2\/pages\/369\/revisions\/378"}],"wp:attachment":[{"href":"https:\/\/gardeniser-academy.eu\/it\/wp-json\/wp\/v2\/media?parent=369"}],"curies":[{"name":"wp","href":"https:\/\/api.w.org\/{rel}","templated":true}]}}