{"id":5850,"date":"2025-01-14T08:38:09","date_gmt":"2025-01-14T08:38:09","guid":{"rendered":"https:\/\/gardeniser-academy.eu\/lunivers-gardeniser"},"modified":"2025-07-09T09:14:30","modified_gmt":"2025-07-09T09:14:30","slug":"lunivers-gardeniser","status":"publish","type":"page","link":"https:\/\/gardeniser-academy.eu\/fr\/lunivers-gardeniser","title":{"rendered":"L&rsquo;univers Gardeniser"},"content":{"rendered":"\t\t<div data-elementor-type=\"wp-page\" data-elementor-id=\"5850\" class=\"elementor elementor-5850 elementor-668\" data-elementor-post-type=\"page\">\n\t\t\t\t<div data-dce-background-image-url=\"https:\/\/gardeniser-academy.eu\/wp-content\/uploads\/2024\/10\/Gardeniser-HeaderPart4.svg\" data-dce-background-overlay-image-url=\"https:\/\/gardeniser-academy.eu\/wp-content\/uploads\/2024\/10\/Gardeniser-HeaderPart3.svg\" class=\"elementor-element elementor-element-f6a7692 e-con-full e-flex e-con e-parent\" data-id=\"f6a7692\" data-element_type=\"container\" data-settings=\"{&quot;background_background&quot;:&quot;classic&quot;,&quot;shape_divider_bottom&quot;:&quot;waves&quot;}\">\n\t\t\t\t<div class=\"elementor-shape elementor-shape-bottom\" aria-hidden=\"true\" data-negative=\"false\">\n\t\t\t<svg xmlns=\"http:\/\/www.w3.org\/2000\/svg\" viewBox=\"0 0 1000 100\" preserveAspectRatio=\"none\">\n\t<path class=\"elementor-shape-fill\" d=\"M421.9,6.5c22.6-2.5,51.5,0.4,75.5,5.3c23.6,4.9,70.9,23.5,100.5,35.7c75.8,32.2,133.7,44.5,192.6,49.7\n\tc23.6,2.1,48.7,3.5,103.4-2.5c54.7-6,106.2-25.6,106.2-25.6V0H0v30.3c0,0,72,32.6,158.4,30.5c39.2-0.7,92.8-6.7,134-22.4\n\tc21.2-8.1,52.2-18.2,79.7-24.2C399.3,7.9,411.6,7.5,421.9,6.5z\"\/>\n<\/svg>\t\t<\/div>\n\t\t\t\t<\/div>\n\t\t<div class=\"elementor-element elementor-element-5a33e1f e-flex e-con-boxed e-con e-parent\" data-id=\"5a33e1f\" data-element_type=\"container\">\n\t\t\t\t\t<div class=\"e-con-inner\">\n\t\t\t\t<div class=\"elementor-element elementor-element-9db6158 elementor-widget__width-initial elementor-widget elementor-widget-heading\" data-id=\"9db6158\" data-element_type=\"widget\" data-widget_type=\"heading.default\">\n\t\t\t\t<div class=\"elementor-widget-container\">\n\t\t\t\t\t<h2 class=\"elementor-heading-title elementor-size-default\">Comment tout a commenc\u00e9<\/h2>\t\t\t\t<\/div>\n\t\t\t\t<\/div>\n\t\t\t\t<div class=\"elementor-element elementor-element-ddf29d3 elementor-widget elementor-widget-text-editor\" data-id=\"ddf29d3\" data-element_type=\"widget\" data-widget_type=\"text-editor.default\">\n\t\t\t\t<div class=\"elementor-widget-container\">\n\t\t\t\t\t\t\t\t\t<p><strong>Gardeniser Academy<\/strong> est le 9e projet de la s\u00e9rie de projets europ\u00e9ens Gardeniser.<\/p><p>Gardeniser est une strat\u00e9gie qui lie les synergies qui ont altern\u00e9 entre les dimensions internationales et locales, nourrissant les voies formatives et transformatives dans le domaine des jardins urbains communautaires au cours des 12 derni\u00e8res ann\u00e9es.<\/p><p>Depuis <strong>EU&rsquo;GO European Urban Gardens Otesha<\/strong>, un premier \u00e9change entre jardiniers et jardins urbains de diff\u00e9rents pays europ\u00e9ens.<\/p><p>\u00e0 <strong>Gardeniser<\/strong>, transfert d&rsquo;innovation sur la figure de l&rsquo;organisateur de jardins urbains communautaires.<\/p><p>\u00e0 <strong>Gardeniser Pro<\/strong>, parcours de formation (cours de formation + stage) valid\u00e9 par des cr\u00e9dits ECVET pour la reconnaissance des comp\u00e9tences du jardinier.<\/p><p>\u00e0 <strong>Gardeniser Hub<\/strong>, pour la formation des formateurs de Gardeniser<\/p><p>\u00e0 <strong>Gardeniser Plus<\/strong>, exp\u00e9riences de mobilit\u00e9 d&rsquo;apprentissage favorisant les \u00e9changes de jardiniers.<\/p><p>\u00e0 <strong>GenerACTOR<\/strong>, cours de formation et parcours communautaires soutenant la construction de jardins communautaires pour la bonne gouvernance, la citoyennet\u00e9 active et la participation \u00e0 Barranquilla, Colombie.<\/p><p><strong>Gardeniser Edu<\/strong>, cours de formation pour les enseignants et les directeurs d&rsquo;\u00e9cole int\u00e9ress\u00e9s par l&rsquo;utilisation des espaces scolaires ext\u00e9rieurs, \u00e0 l&rsquo;int\u00e9rieur et \u00e0 l&rsquo;ext\u00e9rieur de l&rsquo;\u00e9cole, en tant qu&rsquo;environnements d&rsquo;apprentissage pour leurs \u00e9l\u00e8ves.<\/p><p>\u00e0 <strong>Gardeniser Gov<\/strong>, cours de formation pour les fonctionnaires dans le domaine environnemental et social.<\/p><p>\u00e0 <strong>Gardeniser Academy<\/strong>, parcours d&rsquo;apprentissage en ligne pour les jardiniers et les citoyens impliqu\u00e9s dans les jardins communautaires urbains.<\/p><p>\u00e0 <strong>Gardeniser Community<\/strong>, qui soutient la cr\u00e9ation d&rsquo;un calculateur d&rsquo;impact communautaire utile aux jardiniers pour communiquer l&rsquo;impact de leur jardin communautaire sur le territoire, en augmentant sa responsabilit\u00e9 par rapport aux institutions et aux entreprises.<\/p><p>&#8230;l&rsquo;histoire de Gardeniser continue, soutenant le mouvement des jardins communautaires dans le monde entier.<\/p>\t\t\t\t\t\t\t\t<\/div>\n\t\t\t\t<\/div>\n\t\t\t\t\t<\/div>\n\t\t\t\t<\/div>\n\t\t<div class=\"elementor-element elementor-element-a5ca911 e-flex e-con-boxed e-con e-parent\" data-id=\"a5ca911\" data-element_type=\"container\" data-settings=\"{&quot;background_background&quot;:&quot;classic&quot;}\">\n\t\t\t\t\t<div class=\"e-con-inner\">\n\t\t\t\t<div class=\"elementor-element elementor-element-f330d48 elementor-widget__width-initial elementor-widget elementor-widget-heading\" data-id=\"f330d48\" data-element_type=\"widget\" data-widget_type=\"heading.default\">\n\t\t\t\t<div class=\"elementor-widget-container\">\n\t\t\t\t\t<h2 class=\"elementor-heading-title elementor-size-default\">La fonction du Gardeniser<\/h2>\t\t\t\t<\/div>\n\t\t\t\t<\/div>\n\t\t\t\t<div class=\"elementor-element elementor-element-535b76c elementor-widget elementor-widget-text-editor\" data-id=\"535b76c\" data-element_type=\"widget\" data-widget_type=\"text-editor.default\">\n\t\t\t\t<div class=\"elementor-widget-container\">\n\t\t\t\t\t\t\t\t\t<p>Les projets de coop\u00e9ration europ\u00e9enne au sein des programmes LLP, Erasmus+ VET et ADU, EuropeAid ont permis de travailler sur un mod\u00e8le de jardin partag\u00e9 valable de mani\u00e8re transversale dans les diff\u00e9rents pays impliqu\u00e9s (Espagne, France, Italie, Allemagne, Royaume-Uni, Gr\u00e8ce, Autriche, Colombie) et sur l&rsquo;\u00e9mergence et la d\u00e9limitation d&rsquo;une fonction commune :<\/p>\t\t\t\t\t\t\t\t<\/div>\n\t\t\t\t<\/div>\n\t\t\t\t<div class=\"elementor-element elementor-element-8e28f16 elementor-widget__width-auto elementor-widget elementor-widget-heading\" data-id=\"8e28f16\" data-element_type=\"widget\" data-widget_type=\"heading.default\">\n\t\t\t\t<div class=\"elementor-widget-container\">\n\t\t\t\t\t<h2 class=\"elementor-heading-title elementor-size-default\">Le Gardeniser (Garden+Organiser)<\/h2>\t\t\t\t<\/div>\n\t\t\t\t<\/div>\n\t\t\t\t<div class=\"elementor-element elementor-element-23bb236 elementor-widget elementor-widget-text-editor\" data-id=\"23bb236\" data-element_type=\"widget\" data-widget_type=\"text-editor.default\">\n\t\t\t\t<div class=\"elementor-widget-container\">\n\t\t\t\t\t\t\t\t\t<p>Le Gardeniser joue un r\u00f4le cl\u00e9 de coordination au sein du jardin partag\u00e9, o\u00f9 il cultive des personnes plut\u00f4t que des l\u00e9gumes. Ce r\u00f4le exige de poss\u00e9der \u00e0 la fois des comp\u00e9tences techniques, telles que des comp\u00e9tences pratiques en mati\u00e8re de jardinage, et de bonnes comp\u00e9tences en mati\u00e8re de communication, de m\u00e9diation, d&rsquo;organisation et de gestion. Le Gardeniser soutient la coh\u00e9sion, la participation et l&rsquo;inclusion sociale dans le jardin.  <\/p>\t\t\t\t\t\t\t\t<\/div>\n\t\t\t\t<\/div>\n\t\t\t\t\t<\/div>\n\t\t\t\t<\/div>\n\t\t<div class=\"elementor-element elementor-element-9978cc9 e-flex e-con-boxed e-con e-parent\" data-id=\"9978cc9\" data-element_type=\"container\">\n\t\t\t\t\t<div class=\"e-con-inner\">\n\t\t\t\t<div class=\"elementor-element elementor-element-f13d14d elementor-widget__width-initial elementor-widget elementor-widget-heading\" data-id=\"f13d14d\" data-element_type=\"widget\" data-widget_type=\"heading.default\">\n\t\t\t\t<div class=\"elementor-widget-container\">\n\t\t\t\t\t<h2 class=\"elementor-heading-title elementor-size-default\">Se connecter avec d'autres jardiniers et Gardenisers<\/h2>\t\t\t\t<\/div>\n\t\t\t\t<\/div>\n\t\t\t\t<div class=\"elementor-element elementor-element-a4b7cb9 elementor-widget elementor-widget-text-editor\" data-id=\"a4b7cb9\" data-element_type=\"widget\" data-widget_type=\"text-editor.default\">\n\t\t\t\t<div class=\"elementor-widget-container\">\n\t\t\t\t\t\t\t\t\t<p>La plateforme web <a href=\"https:\/\/gardeniser.eu\/fr\">gardeniser.eu<\/a> est un outil multifonctionnel d&rsquo;apprentissage et de mise en r\u00e9seau qui rassemble \u00e9galement les r\u00e9sultats des projets Gardeniser d\u00e9velopp\u00e9s au fil du temps.<\/p><p><strong>Vous y trouverez :<\/strong><\/p>\t\t\t\t\t\t\t\t<\/div>\n\t\t\t\t<\/div>\n\t\t\t\t<div class=\"elementor-element elementor-element-b3d0216 elementor-widget elementor-widget-text-editor\" data-id=\"b3d0216\" data-element_type=\"widget\" data-widget_type=\"text-editor.default\">\n\t\t\t\t<div class=\"elementor-widget-container\">\n\t\t\t\t\t\t\t\t\t<ul><li>les possibilit\u00e9s de formation Gardeniser<\/li><li>les ressources de formation Gardeniser<\/li><li>les brevets des Gardeniser et les formateurs<\/li><li>une bo\u00eete \u00e0 outils pour les jardins<\/li><li>une carte des jardins partag\u00e9s associ\u00e9s au projet dans le monde<\/li><li>une carte des Gardenisers attitr\u00e9s<\/li><li>la carte des formateurs de Gardenisers<\/li><\/ul>\t\t\t\t\t\t\t\t<\/div>\n\t\t\t\t<\/div>\n\t\t\t\t<div class=\"elementor-element elementor-element-53def80 elementor-align-center elementor-widget elementor-widget-button\" data-id=\"53def80\" data-element_type=\"widget\" data-widget_type=\"button.default\">\n\t\t\t\t<div class=\"elementor-widget-container\">\n\t\t\t\t\t\t\t\t\t<div class=\"elementor-button-wrapper\">\n\t\t\t\t\t<a class=\"elementor-button elementor-button-link elementor-size-sm\" href=\"https:\/\/gardeniser.eu\/fr\" target=\"_blank\">\n\t\t\t\t\t\t<span class=\"elementor-button-content-wrapper\">\n\t\t\t\t\t\t\t\t\t<span class=\"elementor-button-text\">D\u00e9couvrez plus sur Gardeniser.eu <\/span>\n\t\t\t\t\t<\/span>\n\t\t\t\t\t<\/a>\n\t\t\t\t<\/div>\n\t\t\t\t\t\t\t\t<\/div>\n\t\t\t\t<\/div>\n\t\t\t\t\t<\/div>\n\t\t\t\t<\/div>\n\t\t\t\t<\/div>\n\t\t","protected":false},"excerpt":{"rendered":"<p>Comment tout a commenc\u00e9 Gardeniser Academy est le 9e projet de la s\u00e9rie de projets europ\u00e9ens Gardeniser. Gardeniser est une strat\u00e9gie qui lie les synergies qui ont altern\u00e9 entre les dimensions internationales et locales, nourrissant les voies formatives et transformatives dans le domaine des jardins urbains communautaires au cours des 12 derni\u00e8res ann\u00e9es. Depuis EU&rsquo;GO [&hellip;]<\/p>\n","protected":false},"author":1,"featured_media":0,"parent":0,"menu_order":0,"comment_status":"closed","ping_status":"closed","template":"elementor_header_footer","meta":{"_acf_changed":false,"footnotes":""},"class_list":["post-5850","page","type-page","status-publish","hentry"],"acf":[],"_links":{"self":[{"href":"https:\/\/gardeniser-academy.eu\/fr\/wp-json\/wp\/v2\/pages\/5850","targetHints":{"allow":["GET"]}}],"collection":[{"href":"https:\/\/gardeniser-academy.eu\/fr\/wp-json\/wp\/v2\/pages"}],"about":[{"href":"https:\/\/gardeniser-academy.eu\/fr\/wp-json\/wp\/v2\/types\/page"}],"author":[{"embeddable":true,"href":"https:\/\/gardeniser-academy.eu\/fr\/wp-json\/wp\/v2\/users\/1"}],"replies":[{"embeddable":true,"href":"https:\/\/gardeniser-academy.eu\/fr\/wp-json\/wp\/v2\/comments?post=5850"}],"version-history":[{"count":1,"href":"https:\/\/gardeniser-academy.eu\/fr\/wp-json\/wp\/v2\/pages\/5850\/revisions"}],"predecessor-version":[{"id":5851,"href":"https:\/\/gardeniser-academy.eu\/fr\/wp-json\/wp\/v2\/pages\/5850\/revisions\/5851"}],"wp:attachment":[{"href":"https:\/\/gardeniser-academy.eu\/fr\/wp-json\/wp\/v2\/media?parent=5850"}],"curies":[{"name":"wp","href":"https:\/\/api.w.org\/{rel}","templated":true}]}}