{"id":678,"date":"2025-01-14T08:38:09","date_gmt":"2025-01-14T08:38:09","guid":{"rendered":"https:\/\/gardeniser-academy.eu\/el-universo-gardeniser"},"modified":"2025-02-13T09:23:55","modified_gmt":"2025-02-13T09:23:55","slug":"el-universo-gardeniser","status":"publish","type":"page","link":"https:\/\/gardeniser-academy.eu\/es\/el-universo-gardeniser","title":{"rendered":"El universo Gardeniser"},"content":{"rendered":"\t\t<div data-elementor-type=\"wp-page\" data-elementor-id=\"678\" class=\"elementor elementor-678 elementor-668\" data-elementor-post-type=\"page\">\n\t\t\t\t<div data-dce-background-image-url=\"https:\/\/gardeniser-academy.eu\/wp-content\/uploads\/2024\/10\/Gardeniser-HeaderPart4.svg\" data-dce-background-overlay-image-url=\"https:\/\/gardeniser-academy.eu\/wp-content\/uploads\/2024\/10\/Gardeniser-HeaderPart3.svg\" class=\"elementor-element elementor-element-f6a7692 e-con-full e-flex e-con e-parent\" data-id=\"f6a7692\" data-element_type=\"container\" data-settings=\"{&quot;background_background&quot;:&quot;classic&quot;,&quot;shape_divider_bottom&quot;:&quot;waves&quot;}\">\n\t\t\t\t<div class=\"elementor-shape elementor-shape-bottom\" aria-hidden=\"true\" data-negative=\"false\">\n\t\t\t<svg xmlns=\"http:\/\/www.w3.org\/2000\/svg\" viewBox=\"0 0 1000 100\" preserveAspectRatio=\"none\">\n\t<path class=\"elementor-shape-fill\" d=\"M421.9,6.5c22.6-2.5,51.5,0.4,75.5,5.3c23.6,4.9,70.9,23.5,100.5,35.7c75.8,32.2,133.7,44.5,192.6,49.7\n\tc23.6,2.1,48.7,3.5,103.4-2.5c54.7-6,106.2-25.6,106.2-25.6V0H0v30.3c0,0,72,32.6,158.4,30.5c39.2-0.7,92.8-6.7,134-22.4\n\tc21.2-8.1,52.2-18.2,79.7-24.2C399.3,7.9,411.6,7.5,421.9,6.5z\"\/>\n<\/svg>\t\t<\/div>\n\t\t\t\t<\/div>\n\t\t<div class=\"elementor-element elementor-element-5a33e1f e-flex e-con-boxed e-con e-parent\" data-id=\"5a33e1f\" data-element_type=\"container\">\n\t\t\t\t\t<div class=\"e-con-inner\">\n\t\t\t\t<div class=\"elementor-element elementor-element-9db6158 elementor-widget__width-initial elementor-widget elementor-widget-heading\" data-id=\"9db6158\" data-element_type=\"widget\" data-widget_type=\"heading.default\">\n\t\t\t\t<div class=\"elementor-widget-container\">\n\t\t\t\t\t<h2 class=\"elementor-heading-title elementor-size-default\">Los comienzos<\/h2>\t\t\t\t<\/div>\n\t\t\t\t<\/div>\n\t\t\t\t<div class=\"elementor-element elementor-element-ddf29d3 elementor-widget elementor-widget-text-editor\" data-id=\"ddf29d3\" data-element_type=\"widget\" data-widget_type=\"text-editor.default\">\n\t\t\t\t<div class=\"elementor-widget-container\">\n\t\t\t\t\t\t\t\t\t<p>Este proyecto, <strong>Gardeniser Academy<\/strong>, es el noveno de la serie de proyectos europeos Gardeniser.<\/p>\n<p>Gardeniser es la estrategia detr\u00e1s de una serie en los \u00faltimos 12 a\u00f1os, han ido combinando lo internacional y lo local, alimentando trayectorias formativas y transformadoras en el \u00e1mbito de los huertos urbanos comunitarios.<\/p>\n<p>Desde <strong>EU&#8217;GO European Urban Gardens Otesha<\/strong>, un primer intercambio entre jardineros y huertos urbanos de diferentes pa\u00edses europeos.<\/p>\n<p>a <strong>Gardeniser<\/strong>, transferencia de innovaci\u00f3n sobre la figura del Organizador de Huertos Urbanos Comunitarios.<\/p>\n<p>a <strong>Gardeniser Pro<\/strong>, itinerario formativo (curso de formaci\u00f3n + per\u00edodo de pr\u00e1cticas) validado con cr\u00e9ditos ECVET para el reconocimiento de las competencias del Gardeniser.<\/p>\n<p>a <strong>Gardeniser Hub<\/strong>, formaci\u00f3n de formadores de hortelanos.<\/p>\n<p>a <strong>Gardeniser Plus<\/strong>, experiencias de movilidad de aprendizaje que apoyan los intercambios de hortelanos.<\/p>\n<p>a <strong>GenerACTOR<\/strong>, cursos de formaci\u00f3n e itinerarios comunitarios de apoyo a la construcci\u00f3n de huertos comunitarios para el buen gobierno, la ciudadan\u00eda activa y la participaci\u00f3n en Barranquilla, Colombia.<\/p>\n<p>a <strong>Gardeniser Edu<\/strong>, curso de formaci\u00f3n para profesores y directores de centros escolares interesados en utilizar los espacios escolares al aire libre, dentro y fuera de la escuela, como entornos de aprendizaje para sus alumnos.<\/p>\n<p>a <strong>Gardeniser Gov<\/strong>, curso de formaci\u00f3n para funcionarios del \u00e1mbito medioambiental y social.<\/p>\n<p>a <strong>Gardeniser Academy<\/strong>, itinerarios de aprendizaje en l\u00ednea para hortelanos y ciudadanos implicados en huertos urbanos comunitarios.<\/p>\n<p>a <strong>Gardeniser Community<\/strong>, apoyo a la creaci\u00f3n de una Calculadora de Impactos Comunitarios \u00fatil para que jardineros y hortelanos comuniquen el impacto que su huerto comunitario tiene en el territorio, elevando su responsabilidad frente a instituciones y empresas.<\/p>\n<p>&#8230;la historia de Gardeniser contin\u00faa, apoyando el movimiento de los huertos comunitarios en todo el mundo.<\/p>\n\t\t\t\t\t\t\t\t<\/div>\n\t\t\t\t<\/div>\n\t\t\t\t\t<\/div>\n\t\t\t\t<\/div>\n\t\t<div class=\"elementor-element elementor-element-a5ca911 e-flex e-con-boxed e-con e-parent\" data-id=\"a5ca911\" data-element_type=\"container\" data-settings=\"{&quot;background_background&quot;:&quot;classic&quot;}\">\n\t\t\t\t\t<div class=\"e-con-inner\">\n\t\t\t\t<div class=\"elementor-element elementor-element-f330d48 elementor-widget__width-initial elementor-widget elementor-widget-heading\" data-id=\"f330d48\" data-element_type=\"widget\" data-widget_type=\"heading.default\">\n\t\t\t\t<div class=\"elementor-widget-container\">\n\t\t\t\t\t<h2 class=\"elementor-heading-title elementor-size-default\">La figura del Gardeniser<\/h2>\t\t\t\t<\/div>\n\t\t\t\t<\/div>\n\t\t\t\t<div class=\"elementor-element elementor-element-535b76c elementor-widget elementor-widget-text-editor\" data-id=\"535b76c\" data-element_type=\"widget\" data-widget_type=\"text-editor.default\">\n\t\t\t\t<div class=\"elementor-widget-container\">\n\t\t\t\t\t\t\t\t\t<p>Los proyectos de cooperaci\u00f3n europea dentro de programas como LLP, Erasmus+ VET y ADU, EuropeAid han facilitado la oportunidad de trabajar en un modelo de huerto urbano comunitario v\u00e1lido transversalmente en los distintos pa\u00edses implicados (Espa\u00f1a, Francia, Italia, Alemania, Reino Unido, Grecia, Austria, Colombia) y en la aparici\u00f3n y delimitaci\u00f3n de una funci\u00f3n y rol com\u00fan en los distintos pa\u00edses:<\/p>\n\t\t\t\t\t\t\t\t<\/div>\n\t\t\t\t<\/div>\n\t\t\t\t<div class=\"elementor-element elementor-element-8e28f16 elementor-widget__width-auto elementor-widget elementor-widget-heading\" data-id=\"8e28f16\" data-element_type=\"widget\" data-widget_type=\"heading.default\">\n\t\t\t\t<div class=\"elementor-widget-container\">\n\t\t\t\t\t<h2 class=\"elementor-heading-title elementor-size-default\">el Gardeniser [Garden (huerto) + Organiser (organizador)]<\/h2>\t\t\t\t<\/div>\n\t\t\t\t<\/div>\n\t\t\t\t<div class=\"elementor-element elementor-element-23bb236 elementor-widget elementor-widget-text-editor\" data-id=\"23bb236\" data-element_type=\"widget\" data-widget_type=\"text-editor.default\">\n\t\t\t\t<div class=\"elementor-widget-container\">\n\t\t\t\t\t\t\t\t\t<p>El Gardeniser es algo m\u00e1s que una persona que participa en un huerto. Esta figura es un elemento clave en la coordinaci\u00f3n integral de un huerto urbano comunitario que, m\u00e1s all\u00e1 de hortalizas, cultiva personas. Para desempe\u00f1ar la funci\u00f3n de Gardeniser se necesitan tanto conocimientos t\u00e9cnicos y pr\u00e1cticos de horticultura, como buenas dotes de comunicaci\u00f3n, mediaci\u00f3n, organizaci\u00f3n y gesti\u00f3n. El Gardeniser es aquella persona que fomenta la cohesi\u00f3n, la participaci\u00f3n y la inclusi\u00f3n social en el huerto comunitario.  <\/p>\n\t\t\t\t\t\t\t\t<\/div>\n\t\t\t\t<\/div>\n\t\t\t\t\t<\/div>\n\t\t\t\t<\/div>\n\t\t<div class=\"elementor-element elementor-element-9978cc9 e-flex e-con-boxed e-con e-parent\" data-id=\"9978cc9\" data-element_type=\"container\">\n\t\t\t\t\t<div class=\"e-con-inner\">\n\t\t\t\t<div class=\"elementor-element elementor-element-f13d14d elementor-widget__width-initial elementor-widget elementor-widget-heading\" data-id=\"f13d14d\" data-element_type=\"widget\" data-widget_type=\"heading.default\">\n\t\t\t\t<div class=\"elementor-widget-container\">\n\t\t\t\t\t<h2 class=\"elementor-heading-title elementor-size-default\">Conecta con otros hortelanos y Gardenisers<\/h2>\t\t\t\t<\/div>\n\t\t\t\t<\/div>\n\t\t\t\t<div class=\"elementor-element elementor-element-a4b7cb9 elementor-widget elementor-widget-text-editor\" data-id=\"a4b7cb9\" data-element_type=\"widget\" data-widget_type=\"text-editor.default\">\n\t\t\t\t<div class=\"elementor-widget-container\">\n\t\t\t\t\t\t\t\t\t<p>La plataforma <a href=\"https:\/\/gardeniser.eu\/es\">gardeniser.eu<\/a> es a todos los efectos una herramienta multifuncional de aprendizaje y trabajo en red que adem\u00e1s recoge los resultados de los proyectos Gardeniser desarrollados a lo largo del tiempo.<\/p>\n<p><strong>Aqu\u00ed podr\u00e1s encontrar:<\/strong><\/p>\n\t\t\t\t\t\t\t\t<\/div>\n\t\t\t\t<\/div>\n\t\t\t\t<div class=\"elementor-element elementor-element-b3d0216 elementor-widget elementor-widget-text-editor\" data-id=\"b3d0216\" data-element_type=\"widget\" data-widget_type=\"text-editor.default\">\n\t\t\t\t<div class=\"elementor-widget-container\">\n\t\t\t\t\t\t\t\t\t<ul>\n<li>Oportunidades de formaci\u00f3n Gardeniser<\/li>\n<li>Recursos de formaci\u00f3n Gardeniser<\/li>\n<li>Licencias Gardeniser y para formadores<\/li>\n<li>Una Caja de herramientas para huertos urbanos<\/li>\n<li>El Mapa de huertos urbanos comunitarios del mundo<\/li>\n<li>El Mapa de jardineros con licencia<\/li>\n<li>Mapa de formadores de Gardenisers<\/li>\n<\/ul>\n\t\t\t\t\t\t\t\t<\/div>\n\t\t\t\t<\/div>\n\t\t\t\t<div class=\"elementor-element elementor-element-53def80 elementor-align-center elementor-widget elementor-widget-button\" data-id=\"53def80\" data-element_type=\"widget\" data-widget_type=\"button.default\">\n\t\t\t\t<div class=\"elementor-widget-container\">\n\t\t\t\t\t\t\t\t\t<div class=\"elementor-button-wrapper\">\n\t\t\t\t\t<a class=\"elementor-button elementor-button-link elementor-size-sm\" href=\"https:\/\/gardeniser.eu\/es\" target=\"_blank\">\n\t\t\t\t\t\t<span class=\"elementor-button-content-wrapper\">\n\t\t\t\t\t\t\t\t\t<span class=\"elementor-button-text\">Descubre m\u00e1s en Gardeniser.eu <\/span>\n\t\t\t\t\t<\/span>\n\t\t\t\t\t<\/a>\n\t\t\t\t<\/div>\n\t\t\t\t\t\t\t\t<\/div>\n\t\t\t\t<\/div>\n\t\t\t\t\t<\/div>\n\t\t\t\t<\/div>\n\t\t\t\t<\/div>\n\t\t","protected":false},"excerpt":{"rendered":"<p>Los comienzos Este proyecto, Gardeniser Academy, es el noveno de la serie de proyectos europeos Gardeniser. Gardeniser es la estrategia detr\u00e1s de una serie en los \u00faltimos 12 a\u00f1os, han ido combinando lo internacional y lo local, alimentando trayectorias formativas y transformadoras en el \u00e1mbito de los huertos urbanos comunitarios. Desde EU&#8217;GO European Urban Gardens [&hellip;]<\/p>\n","protected":false},"author":1,"featured_media":0,"parent":0,"menu_order":0,"comment_status":"closed","ping_status":"closed","template":"elementor_header_footer","meta":{"_acf_changed":false,"footnotes":""},"class_list":["post-678","page","type-page","status-publish","hentry"],"acf":[],"_links":{"self":[{"href":"https:\/\/gardeniser-academy.eu\/es\/wp-json\/wp\/v2\/pages\/678","targetHints":{"allow":["GET"]}}],"collection":[{"href":"https:\/\/gardeniser-academy.eu\/es\/wp-json\/wp\/v2\/pages"}],"about":[{"href":"https:\/\/gardeniser-academy.eu\/es\/wp-json\/wp\/v2\/types\/page"}],"author":[{"embeddable":true,"href":"https:\/\/gardeniser-academy.eu\/es\/wp-json\/wp\/v2\/users\/1"}],"replies":[{"embeddable":true,"href":"https:\/\/gardeniser-academy.eu\/es\/wp-json\/wp\/v2\/comments?post=678"}],"version-history":[{"count":4,"href":"https:\/\/gardeniser-academy.eu\/es\/wp-json\/wp\/v2\/pages\/678\/revisions"}],"predecessor-version":[{"id":711,"href":"https:\/\/gardeniser-academy.eu\/es\/wp-json\/wp\/v2\/pages\/678\/revisions\/711"}],"wp:attachment":[{"href":"https:\/\/gardeniser-academy.eu\/es\/wp-json\/wp\/v2\/media?parent=678"}],"curies":[{"name":"wp","href":"https:\/\/api.w.org\/{rel}","templated":true}]}}