{"id":682,"date":"2025-01-14T08:38:09","date_gmt":"2025-01-14T08:38:09","guid":{"rendered":"https:\/\/gardeniser-academy.eu\/die-welt-der-gardeniser"},"modified":"2025-02-13T09:24:38","modified_gmt":"2025-02-13T09:24:38","slug":"die-welt-der-gardeniser","status":"publish","type":"page","link":"https:\/\/gardeniser-academy.eu\/de\/die-welt-der-gardeniser","title":{"rendered":"Die Welt der Gardeniser"},"content":{"rendered":"\t\t<div data-elementor-type=\"wp-page\" data-elementor-id=\"682\" class=\"elementor elementor-682 elementor-668\" data-elementor-post-type=\"page\">\n\t\t\t\t<div data-dce-background-image-url=\"https:\/\/gardeniser-academy.eu\/wp-content\/uploads\/2024\/10\/Gardeniser-HeaderPart4.svg\" data-dce-background-overlay-image-url=\"https:\/\/gardeniser-academy.eu\/wp-content\/uploads\/2024\/10\/Gardeniser-HeaderPart3.svg\" class=\"elementor-element elementor-element-f6a7692 e-con-full e-flex e-con e-parent\" data-id=\"f6a7692\" data-element_type=\"container\" data-settings=\"{&quot;background_background&quot;:&quot;classic&quot;,&quot;shape_divider_bottom&quot;:&quot;waves&quot;}\">\n\t\t\t\t<div class=\"elementor-shape elementor-shape-bottom\" aria-hidden=\"true\" data-negative=\"false\">\n\t\t\t<svg xmlns=\"http:\/\/www.w3.org\/2000\/svg\" viewBox=\"0 0 1000 100\" preserveAspectRatio=\"none\">\n\t<path class=\"elementor-shape-fill\" d=\"M421.9,6.5c22.6-2.5,51.5,0.4,75.5,5.3c23.6,4.9,70.9,23.5,100.5,35.7c75.8,32.2,133.7,44.5,192.6,49.7\n\tc23.6,2.1,48.7,3.5,103.4-2.5c54.7-6,106.2-25.6,106.2-25.6V0H0v30.3c0,0,72,32.6,158.4,30.5c39.2-0.7,92.8-6.7,134-22.4\n\tc21.2-8.1,52.2-18.2,79.7-24.2C399.3,7.9,411.6,7.5,421.9,6.5z\"\/>\n<\/svg>\t\t<\/div>\n\t\t\t\t<\/div>\n\t\t<div class=\"elementor-element elementor-element-5a33e1f e-flex e-con-boxed e-con e-parent\" data-id=\"5a33e1f\" data-element_type=\"container\">\n\t\t\t\t\t<div class=\"e-con-inner\">\n\t\t\t\t<div class=\"elementor-element elementor-element-9db6158 elementor-widget__width-initial elementor-widget elementor-widget-heading\" data-id=\"9db6158\" data-element_type=\"widget\" data-widget_type=\"heading.default\">\n\t\t\t\t<div class=\"elementor-widget-container\">\n\t\t\t\t\t<h2 class=\"elementor-heading-title elementor-size-default\">Wie alles begann<\/h2>\t\t\t\t<\/div>\n\t\t\t\t<\/div>\n\t\t\t\t<div class=\"elementor-element elementor-element-ddf29d3 elementor-widget elementor-widget-text-editor\" data-id=\"ddf29d3\" data-element_type=\"widget\" data-widget_type=\"text-editor.default\">\n\t\t\t\t<div class=\"elementor-widget-container\">\n\t\t\t\t\t\t\t\t\t<p><strong>Die Gardeniser Academy<\/strong> ist das 9. Projekt in einer Gardeniser-Reihe auf europ\u00e4ischer Ebene.<\/p>\n<p>Gardeniser ist die Strategie, die Synergien b\u00fcndelt und internationale sowie lokale Dimensionen miteinander verbindet. Sie f\u00f6rdert seit \u00fcber 12 Jahren formative und transformative Entwicklungen im Bereich der Gemeinschaftsg\u00e4rten.<\/p>\n<p>Von <strong>EU&#8217;GO (European Urban Gardens Otesha)<\/strong>, dem ersten Austausch zwischen G\u00e4rtnerinnen und Gemeinschaftsg\u00e4rten aus verschiedenen europ\u00e4ischen L\u00e4ndern,<\/p>\n<p>\u00fcber <strong>Gardeniser<\/strong>, die \u00dcbertragung von Innovation auf die Rolle der Organisator*innen f\u00fcr Gemeinschaftsg\u00e4rten,<\/p>\n<p>zu <strong>Gardeniser Pro<\/strong>, einem Schulungsprogramm (Kurs + Praktikum), das mit ECVET-Credits validiert wurde, um die Kompetenzen eines Gardenisers anzuerkennen,<\/p>\n<p>zu <strong>Gardeniser Hub<\/strong>, einem Trainingsformat f\u00fcr Trainer*innen von Gardenisern,<\/p>\n<p>zu <strong>Gardeniser Plus<\/strong>, Lernmobilit\u00e4ten, die den Austausch zwischen G\u00e4rtner*innen f\u00f6rdern,<\/p>\n<p>zu <strong>GenerACTOR<\/strong>, Schulungen und Vernetzung zur Unterst\u00fctzung des Aufbaus von Gemeinschaftsg\u00e4rten f\u00fcr gute Zusammenarbeit, aktive B\u00fcrgerschaft und Partizipation in Barranquilla, Kolumbien,<\/p>\n<p>zu <strong>Gardeniser Edu<\/strong>, einem Kurs f\u00fcr Lehrerinnen und Schulleiterinnen, die Schulfreir\u00e4ume innerhalb und au\u00dferhalb von Schulen als Lernumgebungen f\u00fcr ihre Sch\u00fclerinnen nutzen m\u00f6chten,<\/p>\n<p>zu <strong>Gardeniser Gov<\/strong>, einem Schulungsprogramm f\u00fcr Angestellte im Umwelt- und Sozialbereich,<\/p>\n<p>zur <strong>Gardeniser Academy<\/strong>, E-Learning-Angeboten f\u00fcr G\u00e4rtnerinnen und B\u00fcrgerinnen, die in urbanen Gemeinschaftsg\u00e4rten aktiv sind,<\/p>\n<p>bis hin zu <strong>Gardeniser Community<\/strong>, das die Entwicklung eines Community-Impact-Kalkulators unterst\u00fctzt, der Gardenisern und G\u00e4rtner*innen hilft, den Einfluss ihres Gemeinschaftsgartens auf das Umfeld zu kommunizieren und seine Relevanz gegen\u00fcber Institutionen und Unternehmen zu erh\u00f6hen.<\/p>\n<p>&#8230;die Geschichte der Gardeniser geht weiter und unterst\u00fctzt die Bewegung der Gemeinschaftsg\u00e4rten weltweit.<\/p>\n\t\t\t\t\t\t\t\t<\/div>\n\t\t\t\t<\/div>\n\t\t\t\t\t<\/div>\n\t\t\t\t<\/div>\n\t\t<div class=\"elementor-element elementor-element-a5ca911 e-flex e-con-boxed e-con e-parent\" data-id=\"a5ca911\" data-element_type=\"container\" data-settings=\"{&quot;background_background&quot;:&quot;classic&quot;}\">\n\t\t\t\t\t<div class=\"e-con-inner\">\n\t\t\t\t<div class=\"elementor-element elementor-element-f330d48 elementor-widget__width-initial elementor-widget elementor-widget-heading\" data-id=\"f330d48\" data-element_type=\"widget\" data-widget_type=\"heading.default\">\n\t\t\t\t<div class=\"elementor-widget-container\">\n\t\t\t\t\t<h2 class=\"elementor-heading-title elementor-size-default\">Die Funktion des Gardenisers<\/h2>\t\t\t\t<\/div>\n\t\t\t\t<\/div>\n\t\t\t\t<div class=\"elementor-element elementor-element-535b76c elementor-widget elementor-widget-text-editor\" data-id=\"535b76c\" data-element_type=\"widget\" data-widget_type=\"text-editor.default\">\n\t\t\t\t<div class=\"elementor-widget-container\">\n\t\t\t\t\t\t\t\t\t<p>Europ\u00e4ische Kooperationsprojekte innerhalb von Programmen wie LLP, Erasmus+ VET und ADU, EuropeAid haben die M\u00f6glichkeit geschaffen, ein Modell f\u00fcr Gemeinschaftsg\u00e4rten zu entwickeln, das transnational in verschiedenen L\u00e4ndern (Spanien, Frankreich, Italien, Deutschland, Vereinigtes K\u00f6nigreich, Griechenland, \u00d6sterreich, Kolumbien) angewandt werden kann. Gleichzeitig wurde eine gemeinsame Funktion f\u00fcr diese L\u00e4nder herausgearbeitet:<\/p>\n\t\t\t\t\t\t\t\t<\/div>\n\t\t\t\t<\/div>\n\t\t\t\t<div class=\"elementor-element elementor-element-8e28f16 elementor-widget__width-auto elementor-widget elementor-widget-heading\" data-id=\"8e28f16\" data-element_type=\"widget\" data-widget_type=\"heading.default\">\n\t\t\t\t<div class=\"elementor-widget-container\">\n\t\t\t\t\t<h2 class=\"elementor-heading-title elementor-size-default\">Gardeniser (Garten +Organisator*in)<\/h2>\t\t\t\t<\/div>\n\t\t\t\t<\/div>\n\t\t\t\t<div class=\"elementor-element elementor-element-23bb236 elementor-widget elementor-widget-text-editor\" data-id=\"23bb236\" data-element_type=\"widget\" data-widget_type=\"text-editor.default\">\n\t\t\t\t<div class=\"elementor-widget-container\">\n\t\t\t\t\t\t\t\t\t<p>Gardeniser ist eine zentrale koordinierende Rolle in Gemeinschaftsgarten, der Menschen \u201ekultiviert\u201c statt nur Gem\u00fcse. Diese Rolle erfordert sowohl technische F\u00e4higkeiten, wie praktische Gartenkenntnisse, als auch Kommunikations-, Vermittlungs-, Organisations- und Managementf\u00e4higkeiten. Ein Gardeniser f\u00f6rdert den Zusammenhalt, die Partizipation und die soziale Inklusion im Gemeinschaftsgarten.  <\/p>\n\t\t\t\t\t\t\t\t<\/div>\n\t\t\t\t<\/div>\n\t\t\t\t\t<\/div>\n\t\t\t\t<\/div>\n\t\t<div class=\"elementor-element elementor-element-9978cc9 e-flex e-con-boxed e-con e-parent\" data-id=\"9978cc9\" data-element_type=\"container\">\n\t\t\t\t\t<div class=\"e-con-inner\">\n\t\t\t\t<div class=\"elementor-element elementor-element-f13d14d elementor-widget__width-initial elementor-widget elementor-widget-heading\" data-id=\"f13d14d\" data-element_type=\"widget\" data-widget_type=\"heading.default\">\n\t\t\t\t<div class=\"elementor-widget-container\">\n\t\t\t\t\t<h2 class=\"elementor-heading-title elementor-size-default\">Verbinde dich mit anderen G\u00e4rtner*innen und Gardenisern<\/h2>\t\t\t\t<\/div>\n\t\t\t\t<\/div>\n\t\t\t\t<div class=\"elementor-element elementor-element-a4b7cb9 elementor-widget elementor-widget-text-editor\" data-id=\"a4b7cb9\" data-element_type=\"widget\" data-widget_type=\"text-editor.default\">\n\t\t\t\t<div class=\"elementor-widget-container\">\n\t\t\t\t\t\t\t\t\t<p>Die Webplattform <a href=\"https:\/\/gardeniser.eu\/de\">gardeniser.eu<\/a> ist ein multifunktionales Lern- und Vernetzungsinstrument, das die Ergebnisse der im Laufe der Zeit entwickelten Gardeniser-Projekte sammelt.<\/p>\n<p><strong>Hier findest du:<\/strong><\/p>\n\t\t\t\t\t\t\t\t<\/div>\n\t\t\t\t<\/div>\n\t\t\t\t<div class=\"elementor-element elementor-element-b3d0216 elementor-widget elementor-widget-text-editor\" data-id=\"b3d0216\" data-element_type=\"widget\" data-widget_type=\"text-editor.default\">\n\t\t\t\t<div class=\"elementor-widget-container\">\n\t\t\t\t\t\t\t\t\t<ul>\n<li>Schulungsangebote f\u00fcr Gardeniser<\/li>\n<li>Schulungsressourcen f\u00fcr Gardeniser<\/li>\n<li>Lizenzen f\u00fcr Gardeniser und Trainer*innen<\/li>\n<li>Eine Toolbox f\u00fcr Gemeinschaftsg\u00e4rten<\/li>\n<li>Eine Karte von Gemeinschaftsg\u00e4rten weltweit<\/li>\n<li>Eine Karte lizenzierter Gardeniser<\/li>\n<li>Eine Karte der Gardeniser-Trainer*innen<\/li>\n<\/ul>\n\t\t\t\t\t\t\t\t<\/div>\n\t\t\t\t<\/div>\n\t\t\t\t<div class=\"elementor-element elementor-element-53def80 elementor-align-center elementor-widget elementor-widget-button\" data-id=\"53def80\" data-element_type=\"widget\" data-widget_type=\"button.default\">\n\t\t\t\t<div class=\"elementor-widget-container\">\n\t\t\t\t\t\t\t\t\t<div class=\"elementor-button-wrapper\">\n\t\t\t\t\t<a class=\"elementor-button elementor-button-link elementor-size-sm\" href=\"https:\/\/gardeniser.eu\/de\" target=\"_blank\">\n\t\t\t\t\t\t<span class=\"elementor-button-content-wrapper\">\n\t\t\t\t\t\t\t\t\t<span class=\"elementor-button-text\">Mehr erfahren unter Gardeniser.eu <\/span>\n\t\t\t\t\t<\/span>\n\t\t\t\t\t<\/a>\n\t\t\t\t<\/div>\n\t\t\t\t\t\t\t\t<\/div>\n\t\t\t\t<\/div>\n\t\t\t\t\t<\/div>\n\t\t\t\t<\/div>\n\t\t\t\t<\/div>\n\t\t","protected":false},"excerpt":{"rendered":"<p>Wie alles begann Die Gardeniser Academy ist das 9. Projekt in einer Gardeniser-Reihe auf europ\u00e4ischer Ebene. Gardeniser ist die Strategie, die Synergien b\u00fcndelt und internationale sowie lokale Dimensionen miteinander verbindet. Sie f\u00f6rdert seit \u00fcber 12 Jahren formative und transformative Entwicklungen im Bereich der Gemeinschaftsg\u00e4rten. Von EU&#8217;GO (European Urban Gardens Otesha), dem ersten Austausch zwischen G\u00e4rtnerinnen [&hellip;]<\/p>\n","protected":false},"author":1,"featured_media":0,"parent":0,"menu_order":0,"comment_status":"closed","ping_status":"closed","template":"elementor_header_footer","meta":{"_acf_changed":false,"footnotes":""},"class_list":["post-682","page","type-page","status-publish","hentry"],"acf":[],"_links":{"self":[{"href":"https:\/\/gardeniser-academy.eu\/de\/wp-json\/wp\/v2\/pages\/682","targetHints":{"allow":["GET"]}}],"collection":[{"href":"https:\/\/gardeniser-academy.eu\/de\/wp-json\/wp\/v2\/pages"}],"about":[{"href":"https:\/\/gardeniser-academy.eu\/de\/wp-json\/wp\/v2\/types\/page"}],"author":[{"embeddable":true,"href":"https:\/\/gardeniser-academy.eu\/de\/wp-json\/wp\/v2\/users\/1"}],"replies":[{"embeddable":true,"href":"https:\/\/gardeniser-academy.eu\/de\/wp-json\/wp\/v2\/comments?post=682"}],"version-history":[{"count":4,"href":"https:\/\/gardeniser-academy.eu\/de\/wp-json\/wp\/v2\/pages\/682\/revisions"}],"predecessor-version":[{"id":712,"href":"https:\/\/gardeniser-academy.eu\/de\/wp-json\/wp\/v2\/pages\/682\/revisions\/712"}],"wp:attachment":[{"href":"https:\/\/gardeniser-academy.eu\/de\/wp-json\/wp\/v2\/media?parent=682"}],"curies":[{"name":"wp","href":"https:\/\/api.w.org\/{rel}","templated":true}]}}